{"id":2646,"date":"2021-02-26T20:08:27","date_gmt":"2021-02-26T18:08:27","guid":{"rendered":"https:\/\/www.hingelaegas.ee\/?post_type=product&#038;p=2646"},"modified":"2024-08-12T12:16:36","modified_gmt":"2024-08-12T09:16:36","slug":"korvarongad-tiigrisilm","status":"publish","type":"product","link":"https:\/\/www.hingelaegas.ee\/en\/product\/korvarongad-tiigrisilm\/","title":{"rendered":"Earrings, tiger's eye, sterling silver (925)"},"content":{"rendered":"<h1>Tiger's eye<\/h1>\n<p><strong>Main properties:<\/strong> strength, balance, creativity, intuition, protection, abundance, longevity, good luck, perseverance<\/p>\n<p><strong>Chakras: <\/strong>root and sacral chakra, solar plexus<\/p>\n<p><strong>Zodiac signs:<\/strong> Leo, Capricorn<\/p>\n<p><strong>Numerology:<\/strong> numbers 2 and 4<\/p>\n<div class=\"tag text-center text-dark\">\n<p>Tiger's eye connects the energy of the Sun and the Earth, creating higher levels of vibration that are still grounded and help draw spiritual energies down to Earth.<\/p>\n<p>Tiger's eye is a protective crystal that has traditionally been worn as a talisman against bad wishes and curses. It shows the right use of force and brings out the whole.<\/p>\n<p>Provides support in achieving goals, allowing to sense inner resources and strengthening the clarity of intentions. Helps bring down to earth and encourages to take personal responsibility for your life.<\/p>\n<p>It is useful to wear to clarify and recognize the needs of yourself and others. Helps to differentiate wishful thinking - between what you want and what you actually need.<\/p>\n<\/div>\n<h5>Health and Healing<\/h5>\n<p><strong>Psychologically,\u00a0<\/strong>helps to solve problems related to self-esteem, self-criticism and lack of creativity. Helps to notice and recognize personal talents, as well as to notice mistakes and shortcomings in yourself that need to be overcome or changed. Supports dependent personality in making changes.<\/p>\n<p><strong>Mentally,<\/strong> increases practical perception. Helps to collect scattered information and helps to see the big picture. Helps resolve internal dilemmas and conflicts, especially when caused by pride or stubbornness. Particularly useful in the treatment of mental illnesses and personality disorders.<\/p>\n<p><strong>Emotionally,<\/strong> balances male and female energies (<em>yang<\/em> and <em>yin<\/em>) within yourself and energizes the emotional body. Relieves depression and improves mood.<\/p>\n<p><strong>Physically,<\/strong> heals the eyes and promotes nocturnal visions. Heals the throat and genitals, and relieves spasms. Also supports healing of broken bones.<\/p>","protected":false},"excerpt":{"rendered":"<p><strong>Tiger's eye <\/strong>provides support <strong>at achieving goals<\/strong>, by allowing to sense inner resources and <strong>strengthening the clarity of intentions<\/strong>. Helps bring down to earth and<strong> encourages taking personal responsibility for your life<\/strong>.<\/p>\n<p>Useful for <strong>clarifying and recognizing your own and others' needs<\/strong> . It helps to differentiate wishful thinking - between what you want and what you actually need.<\/p>\n<p>Helps notice and <strong>recognize personal talents<\/strong> and also notice errors and shortcomings in oneself that need to be overcome or changed. <strong>Balances male and female energies<\/strong> (<em>yang<\/em> and <em>yin<\/em>) within yourself and energizes the emotional body. Relieves depression and improves mood.<\/p>\n<p><strong>Silver<\/strong> is a great <strong>healer<\/strong>, especially when it is in direct contact with the body. Scientists have found that <strong>silver kills harmful microorganisms living in water and air<\/strong>while maintaining benefic ones.<\/p>\n<ul>\n<li>Handcrafted by Hingelaegas<\/li>\n<li>Material: sterling silver (925), tiger's eye (16 mm)<\/li>\n<li>Length of earring: approx. 4 cm<\/li>\n<li>Weight (pair): 15.6 g<\/li>\n<li>Jewelry is delivered in a cream-colored <strong>velvet gift bag<\/strong><\/li>\n<\/ul>\n<p><span style=\"font-size: 10pt;\"><em>The products may differ slightly from the one shown in the picture, because jewelry has been made fo natural semi-precious stones, and all stones are unique.<\/em><\/span><\/p>","protected":false},"featured_media":2644,"comment_status":"open","ping_status":"closed","template":"","meta":{"_monsterinsights_skip_tracking":false,"_monsterinsights_sitenote_active":false,"_monsterinsights_sitenote_note":"","_monsterinsights_sitenote_category":0},"product_brand":[],"product_cat":[80],"product_tag":[303,301,309,184,77,459],"class_list":{"0":"post-2646","1":"product","2":"type-product","3":"status-publish","4":"has-post-thumbnail","6":"product_cat-hobedast-kasitooehted","7":"product_tag-hobe-925","8":"product_tag-kasitooehted","9":"product_tag-korvarongad","10":"product_tag-poolvaariskivid","11":"product_tag-reiki","12":"product_tag-tiigrisilm","14":"first","15":"outofstock","16":"taxable","17":"shipping-taxable","18":"purchasable","19":"product-type-simple"},"yoast_head":"<!-- This site is optimized with the Yoast SEO plugin v27.5 - https:\/\/yoast.com\/product\/yoast-seo-wordpress\/ -->\n<title>K\u00f5rvar\u00f5ngad, tiigrisilm, h\u00f5be 925 - Hingelaegas<\/title>\n<meta name=\"description\" content=\"Tiigrisilm annab tuge sihtide saavutamisel, lubades tunnetada sisemisi ressursse ja tugevdades kavatsuste selgust. Aitab tuua pilvedes h\u00f5ljujaid maa peale ning soodustab isikliku vastutuse v\u00f5tmist oma elu eest.\" \/>\n<meta name=\"robots\" content=\"index, follow, max-snippet:-1, max-image-preview:large, max-video-preview:-1\" \/>\n<link rel=\"canonical\" href=\"https:\/\/hingelaegas.ee\/en\/product\/korvarongad-tiigrisilm\/\" \/>\n<meta property=\"og:locale\" content=\"en_GB\" \/>\n<meta property=\"og:type\" content=\"article\" \/>\n<meta property=\"og:title\" content=\"K\u00f5rvar\u00f5ngad, tiigrisilm, h\u00f5be 925 - Hingelaegas\" \/>\n<meta property=\"og:description\" content=\"Tiigrisilm annab tuge sihtide saavutamisel, lubades tunnetada sisemisi ressursse ja tugevdades kavatsuste selgust. Aitab tuua pilvedes h\u00f5ljujaid maa peale ning soodustab isikliku vastutuse v\u00f5tmist oma elu eest.\" \/>\n<meta property=\"og:url\" content=\"https:\/\/hingelaegas.ee\/en\/product\/korvarongad-tiigrisilm\/\" \/>\n<meta property=\"og:site_name\" content=\"Hingelaegas\" \/>\n<meta property=\"article:modified_time\" content=\"2024-08-12T09:16:36+00:00\" \/>\n<meta property=\"og:image\" content=\"https:\/\/i0.wp.com\/www.hingelaegas.ee\/wp-content\/uploads\/2021\/02\/IMG_20210225_104613-e1692879557462.jpg?fit=800%2C800&ssl=1\" \/>\n\t<meta property=\"og:image:width\" content=\"800\" \/>\n\t<meta property=\"og:image:height\" content=\"800\" \/>\n\t<meta property=\"og:image:type\" content=\"image\/jpeg\" \/>\n<meta name=\"twitter:card\" content=\"summary_large_image\" \/>\n<meta name=\"twitter:label1\" content=\"Estimated reading time\" \/>\n\t<meta name=\"twitter:data1\" content=\"2 minutes\" \/>\n<script type=\"application\/ld+json\" class=\"yoast-schema-graph\">{\"@context\":\"https:\\\/\\\/schema.org\",\"@graph\":[{\"@type\":\"WebPage\",\"@id\":\"https:\\\/\\\/hingelaegas.ee\\\/en\\\/product\\\/korvarongad-tiigrisilm\\\/\",\"url\":\"https:\\\/\\\/hingelaegas.ee\\\/en\\\/product\\\/korvarongad-tiigrisilm\\\/\",\"name\":\"K\u00f5rvar\u00f5ngad, tiigrisilm, h\u00f5be 925 - Hingelaegas\",\"isPartOf\":{\"@id\":\"https:\\\/\\\/www.hingelaegas.ee\\\/en\\\/#website\"},\"primaryImageOfPage\":{\"@id\":\"https:\\\/\\\/hingelaegas.ee\\\/en\\\/product\\\/korvarongad-tiigrisilm\\\/#primaryimage\"},\"image\":{\"@id\":\"https:\\\/\\\/hingelaegas.ee\\\/en\\\/product\\\/korvarongad-tiigrisilm\\\/#primaryimage\"},\"thumbnailUrl\":\"https:\\\/\\\/i0.wp.com\\\/www.hingelaegas.ee\\\/wp-content\\\/uploads\\\/2021\\\/02\\\/IMG_20210225_104613-e1692879557462.jpg?fit=800%2C800&ssl=1\",\"datePublished\":\"2021-02-26T18:08:27+00:00\",\"dateModified\":\"2024-08-12T09:16:36+00:00\",\"description\":\"Tiigrisilm annab tuge sihtide saavutamisel, lubades tunnetada sisemisi ressursse ja tugevdades kavatsuste selgust. Aitab tuua pilvedes h\u00f5ljujaid maa peale ning soodustab isikliku vastutuse v\u00f5tmist oma elu eest.\",\"breadcrumb\":{\"@id\":\"https:\\\/\\\/hingelaegas.ee\\\/en\\\/product\\\/korvarongad-tiigrisilm\\\/#breadcrumb\"},\"inLanguage\":\"en-GB\",\"potentialAction\":[{\"@type\":\"ReadAction\",\"target\":[\"https:\\\/\\\/hingelaegas.ee\\\/en\\\/product\\\/korvarongad-tiigrisilm\\\/\"]}]},{\"@type\":\"ImageObject\",\"inLanguage\":\"en-GB\",\"@id\":\"https:\\\/\\\/hingelaegas.ee\\\/en\\\/product\\\/korvarongad-tiigrisilm\\\/#primaryimage\",\"url\":\"https:\\\/\\\/i0.wp.com\\\/www.hingelaegas.ee\\\/wp-content\\\/uploads\\\/2021\\\/02\\\/IMG_20210225_104613-e1692879557462.jpg?fit=800%2C800&ssl=1\",\"contentUrl\":\"https:\\\/\\\/i0.wp.com\\\/www.hingelaegas.ee\\\/wp-content\\\/uploads\\\/2021\\\/02\\\/IMG_20210225_104613-e1692879557462.jpg?fit=800%2C800&ssl=1\",\"width\":800,\"height\":800,\"caption\":\"dav_vivi\"},{\"@type\":\"BreadcrumbList\",\"@id\":\"https:\\\/\\\/hingelaegas.ee\\\/en\\\/product\\\/korvarongad-tiigrisilm\\\/#breadcrumb\",\"itemListElement\":[{\"@type\":\"ListItem\",\"position\":1,\"name\":\"Home\",\"item\":\"https:\\\/\\\/www.hingelaegas.ee\\\/en\\\/\"},{\"@type\":\"ListItem\",\"position\":2,\"name\":\"E-POOD\",\"item\":\"https:\\\/\\\/www.hingelaegas.ee\\\/en\\\/e-pood\\\/\"},{\"@type\":\"ListItem\",\"position\":3,\"name\":\"K\u00f5rvar\u00f5ngad, tiigrisilm, h\u00f5be 925\"}]},{\"@type\":\"WebSite\",\"@id\":\"https:\\\/\\\/www.hingelaegas.ee\\\/en\\\/#website\",\"url\":\"https:\\\/\\\/www.hingelaegas.ee\\\/en\\\/\",\"name\":\"Hingelaegas\",\"description\":\"Hingele. Kehale. Vaimule.\",\"publisher\":{\"@id\":\"https:\\\/\\\/www.hingelaegas.ee\\\/en\\\/#organization\"},\"potentialAction\":[{\"@type\":\"SearchAction\",\"target\":{\"@type\":\"EntryPoint\",\"urlTemplate\":\"https:\\\/\\\/www.hingelaegas.ee\\\/en\\\/?s={search_term_string}\"},\"query-input\":{\"@type\":\"PropertyValueSpecification\",\"valueRequired\":true,\"valueName\":\"search_term_string\"}}],\"inLanguage\":\"en-GB\"},{\"@type\":\"Organization\",\"@id\":\"https:\\\/\\\/www.hingelaegas.ee\\\/en\\\/#organization\",\"name\":\"Hingelaegas O\u00dc\",\"url\":\"https:\\\/\\\/www.hingelaegas.ee\\\/en\\\/\",\"logo\":{\"@type\":\"ImageObject\",\"inLanguage\":\"en-GB\",\"@id\":\"https:\\\/\\\/www.hingelaegas.ee\\\/en\\\/#\\\/schema\\\/logo\\\/image\\\/\",\"url\":\"https:\\\/\\\/hingelaegas.ee\\\/wp-content\\\/uploads\\\/2020\\\/12\\\/hingelaegas_vaike.png\",\"contentUrl\":\"https:\\\/\\\/hingelaegas.ee\\\/wp-content\\\/uploads\\\/2020\\\/12\\\/hingelaegas_vaike.png\",\"width\":700,\"height\":700,\"caption\":\"Hingelaegas O\u00dc\"},\"image\":{\"@id\":\"https:\\\/\\\/www.hingelaegas.ee\\\/en\\\/#\\\/schema\\\/logo\\\/image\\\/\"}}]}<\/script>\n<!-- \/ Yoast SEO plugin. -->","yoast_head_json":{"title":"K\u00f5rvar\u00f5ngad, tiigrisilm, h\u00f5be 925 - Hingelaegas","description":"Tiigrisilm annab tuge sihtide saavutamisel, lubades tunnetada sisemisi ressursse ja tugevdades kavatsuste selgust. Aitab tuua pilvedes h\u00f5ljujaid maa peale ning soodustab isikliku vastutuse v\u00f5tmist oma elu eest.","robots":{"index":"index","follow":"follow","max-snippet":"max-snippet:-1","max-image-preview":"max-image-preview:large","max-video-preview":"max-video-preview:-1"},"canonical":"https:\/\/hingelaegas.ee\/en\/product\/korvarongad-tiigrisilm\/","og_locale":"en_GB","og_type":"article","og_title":"K\u00f5rvar\u00f5ngad, tiigrisilm, h\u00f5be 925 - Hingelaegas","og_description":"Tiigrisilm annab tuge sihtide saavutamisel, lubades tunnetada sisemisi ressursse ja tugevdades kavatsuste selgust. Aitab tuua pilvedes h\u00f5ljujaid maa peale ning soodustab isikliku vastutuse v\u00f5tmist oma elu eest.","og_url":"https:\/\/hingelaegas.ee\/en\/product\/korvarongad-tiigrisilm\/","og_site_name":"Hingelaegas","article_modified_time":"2024-08-12T09:16:36+00:00","og_image":[{"width":800,"height":800,"url":"https:\/\/i0.wp.com\/www.hingelaegas.ee\/wp-content\/uploads\/2021\/02\/IMG_20210225_104613-e1692879557462.jpg?fit=800%2C800&ssl=1","type":"image\/jpeg"}],"twitter_card":"summary_large_image","twitter_misc":{"Estimated reading time":"2 minutes"},"schema":{"@context":"https:\/\/schema.org","@graph":[{"@type":"WebPage","@id":"https:\/\/hingelaegas.ee\/en\/product\/korvarongad-tiigrisilm\/","url":"https:\/\/hingelaegas.ee\/en\/product\/korvarongad-tiigrisilm\/","name":"K\u00f5rvar\u00f5ngad, tiigrisilm, h\u00f5be 925 - Hingelaegas","isPartOf":{"@id":"https:\/\/www.hingelaegas.ee\/en\/#website"},"primaryImageOfPage":{"@id":"https:\/\/hingelaegas.ee\/en\/product\/korvarongad-tiigrisilm\/#primaryimage"},"image":{"@id":"https:\/\/hingelaegas.ee\/en\/product\/korvarongad-tiigrisilm\/#primaryimage"},"thumbnailUrl":"https:\/\/i0.wp.com\/www.hingelaegas.ee\/wp-content\/uploads\/2021\/02\/IMG_20210225_104613-e1692879557462.jpg?fit=800%2C800&ssl=1","datePublished":"2021-02-26T18:08:27+00:00","dateModified":"2024-08-12T09:16:36+00:00","description":"Tiigrisilm annab tuge sihtide saavutamisel, lubades tunnetada sisemisi ressursse ja tugevdades kavatsuste selgust. Aitab tuua pilvedes h\u00f5ljujaid maa peale ning soodustab isikliku vastutuse v\u00f5tmist oma elu eest.","breadcrumb":{"@id":"https:\/\/hingelaegas.ee\/en\/product\/korvarongad-tiigrisilm\/#breadcrumb"},"inLanguage":"en-GB","potentialAction":[{"@type":"ReadAction","target":["https:\/\/hingelaegas.ee\/en\/product\/korvarongad-tiigrisilm\/"]}]},{"@type":"ImageObject","inLanguage":"en-GB","@id":"https:\/\/hingelaegas.ee\/en\/product\/korvarongad-tiigrisilm\/#primaryimage","url":"https:\/\/i0.wp.com\/www.hingelaegas.ee\/wp-content\/uploads\/2021\/02\/IMG_20210225_104613-e1692879557462.jpg?fit=800%2C800&ssl=1","contentUrl":"https:\/\/i0.wp.com\/www.hingelaegas.ee\/wp-content\/uploads\/2021\/02\/IMG_20210225_104613-e1692879557462.jpg?fit=800%2C800&ssl=1","width":800,"height":800,"caption":"dav_vivi"},{"@type":"BreadcrumbList","@id":"https:\/\/hingelaegas.ee\/en\/product\/korvarongad-tiigrisilm\/#breadcrumb","itemListElement":[{"@type":"ListItem","position":1,"name":"Home","item":"https:\/\/www.hingelaegas.ee\/en\/"},{"@type":"ListItem","position":2,"name":"E-POOD","item":"https:\/\/www.hingelaegas.ee\/en\/e-pood\/"},{"@type":"ListItem","position":3,"name":"K\u00f5rvar\u00f5ngad, tiigrisilm, h\u00f5be 925"}]},{"@type":"WebSite","@id":"https:\/\/www.hingelaegas.ee\/en\/#website","url":"https:\/\/www.hingelaegas.ee\/en\/","name":"Hingelaegas","description":"For Soul. For Body. For Mind.","publisher":{"@id":"https:\/\/www.hingelaegas.ee\/en\/#organization"},"potentialAction":[{"@type":"SearchAction","target":{"@type":"EntryPoint","urlTemplate":"https:\/\/www.hingelaegas.ee\/en\/?s={search_term_string}"},"query-input":{"@type":"PropertyValueSpecification","valueRequired":true,"valueName":"search_term_string"}}],"inLanguage":"en-GB"},{"@type":"Organization","@id":"https:\/\/www.hingelaegas.ee\/en\/#organization","name":"Hingelaegas O\u00dc","url":"https:\/\/www.hingelaegas.ee\/en\/","logo":{"@type":"ImageObject","inLanguage":"en-GB","@id":"https:\/\/www.hingelaegas.ee\/en\/#\/schema\/logo\/image\/","url":"https:\/\/hingelaegas.ee\/wp-content\/uploads\/2020\/12\/hingelaegas_vaike.png","contentUrl":"https:\/\/hingelaegas.ee\/wp-content\/uploads\/2020\/12\/hingelaegas_vaike.png","width":700,"height":700,"caption":"Hingelaegas O\u00dc"},"image":{"@id":"https:\/\/www.hingelaegas.ee\/en\/#\/schema\/logo\/image\/"}}]}},"acf":[],"jetpack_likes_enabled":false,"jetpack_sharing_enabled":true,"_links":{"self":[{"href":"https:\/\/www.hingelaegas.ee\/en\/wp-json\/wp\/v2\/product\/2646","targetHints":{"allow":["GET"]}}],"collection":[{"href":"https:\/\/www.hingelaegas.ee\/en\/wp-json\/wp\/v2\/product"}],"about":[{"href":"https:\/\/www.hingelaegas.ee\/en\/wp-json\/wp\/v2\/types\/product"}],"replies":[{"embeddable":true,"href":"https:\/\/www.hingelaegas.ee\/en\/wp-json\/wp\/v2\/comments?post=2646"}],"wp:featuredmedia":[{"embeddable":true,"href":"https:\/\/www.hingelaegas.ee\/en\/wp-json\/wp\/v2\/media\/2644"}],"wp:attachment":[{"href":"https:\/\/www.hingelaegas.ee\/en\/wp-json\/wp\/v2\/media?parent=2646"}],"wp:term":[{"taxonomy":"product_brand","embeddable":true,"href":"https:\/\/www.hingelaegas.ee\/en\/wp-json\/wp\/v2\/product_brand?post=2646"},{"taxonomy":"product_cat","embeddable":true,"href":"https:\/\/www.hingelaegas.ee\/en\/wp-json\/wp\/v2\/product_cat?post=2646"},{"taxonomy":"product_tag","embeddable":true,"href":"https:\/\/www.hingelaegas.ee\/en\/wp-json\/wp\/v2\/product_tag?post=2646"}],"curies":[{"name":"wp","href":"https:\/\/api.w.org\/{rel}","templated":true}]}}