{"id":1981,"date":"2020-12-03T20:01:43","date_gmt":"2020-12-03T18:01:43","guid":{"rendered":"https:\/\/hingelaegas.ee\/?post_type=product&#038;p=1981"},"modified":"2023-01-13T11:50:42","modified_gmt":"2023-01-13T09:50:42","slug":"ehtekomplekt-ookeani-jaspis","status":"publish","type":"product","link":"https:\/\/www.hingelaegas.ee\/en\/product\/ehtekomplekt-ookeani-jaspis\/","title":{"rendered":"Jewelry set, Ocean Jasper, sterling silver (925)"},"content":{"rendered":"<h1>Ocean Jasper<\/h1>\n<p><strong>Main properties:<\/strong> courage, self-confidence, self-expression, purposefulness, perseverance, truth, inner peace, manifestation, meditation, new beginnings, living-in-the-moment, emotional intelligence<\/p>\n<p><strong>Chakras: <\/strong>throat and heart chakra, solar plexus<\/p>\n<p><strong>Zodiac signs:<\/strong> Libra<\/p>\n<p><strong>Numerology:<\/strong> number 3<\/p>\n<div class=\"tag text-center text-dark\">\n<p>Ocean Jasper is an extremely rare kind of Jasper. This stone can be identified by its pattern of round spots that may come in a variety of colors, such as green, brown, blue, yellow, gray, white, pink, and red. There is only one known place where this unique crystal is mined\u2014Madagascar, Mahajanga Province, which resides along the east coast of the country. This mineral is mined at the base of the cliff that can be accessed by boat during low tide, which is why its extraction is relatively difficult.<\/p>\n<p>Ocean Jasper accepts and aligns our solar plexus, and heart and throat chakra. This powerful channel of energy lets us connect will with our emotions, encouraging and pushing us to achieve joy, fortune, and emotional stability. Ocean Jasper helps us become free from any hardships and burdens we might carry in our hearts; to display and voice them aloud in order to move on from those problems. By accepting the stone\u2019s energy, it gives us a chance to move through life, going along with the stream of life and not getting stuck in circumstances.<\/p>\n<p>Ocean Jasper is the perfect stone to help with healing and finding solutions for one\u2019s emotions, relationships, and, of course, within oneself. This stone helps figure out and pass along feelings that have been locked inside of you, and surpass communication barriers in relationships. It is also good for finding and reawakening the missing chemistry in relationships. Ocean Jasper helps us become more positive and self-accepting by letting us freely display our true selves.<\/p>\n<\/div>","protected":false},"excerpt":{"rendered":"<p><strong>Ocean Jasper<\/strong> is the perfect stone to help with healing and finding solutions for one\u2019s emotions, relationships, and, of course, within oneself. This stone helps figure out and pass along feelings that have been locked inside of you, and surpass communication barriers in relationships. It is also good for finding and reawakening the missing chemistry in relationships. Ocean Jasper helps us become more positive and self-accepting by letting us freely display our true selves. By accepting the stone\u2019s energy, it gives us a chance to move through life, going along with the stream of life and not getting stuck in circumstances.<\/p>\n<p><strong>Silver<\/strong> is a great healer, especially when it is in direct contact with the body. Scientists have found that silver kills harmful microorganisms living in water and air while maintaining benefic ones.<\/p>\n<ul>\n<li>Handcrafted by Hingelaegas<\/li>\n<li>The set includes a chain necklace and a pair of earrings.<\/li>\n<li>Material: sterling silver (925), Ocean Jasper (8 mm)<\/li>\n<li>Full length of chain necklace: 47 cm<\/li>\n<li>Weight of necklace: 3.2 g<\/li>\n<li>Length of earrings: 61 mm, width: 11 mm<\/li>\n<li>Weight of earrings (pair): 2.5 g<\/li>\n<li>Weight of set: 5.7 g<\/li>\n<li>Jewelry set is delivered in a cream-colored <strong>velvet gift bag<\/strong><\/li>\n<\/ul>","protected":false},"featured_media":1954,"comment_status":"open","ping_status":"closed","template":"","meta":{"_monsterinsights_skip_tracking":false,"_monsterinsights_sitenote_active":false,"_monsterinsights_sitenote_note":"","_monsterinsights_sitenote_category":0},"product_brand":[],"product_cat":[80],"product_tag":[307,303,78,454,301,309,463,184,77],"class_list":{"0":"post-1981","1":"product","2":"type-product","3":"status-publish","4":"has-post-thumbnail","6":"product_cat-hobedast-kasitooehted","7":"product_tag-ehtekomplekt","8":"product_tag-hobe-925","9":"product_tag-kaelaehe","10":"product_tag-kaelaripats","11":"product_tag-kasitooehted","12":"product_tag-korvarongad","13":"product_tag-ookeani-jaspis","14":"product_tag-poolvaariskivid","15":"product_tag-reiki","17":"first","18":"instock","19":"taxable","20":"shipping-taxable","21":"purchasable","22":"product-type-variable"},"yoast_head":"<!-- This site is optimized with the Yoast SEO plugin v27.5 - https:\/\/yoast.com\/product\/yoast-seo-wordpress\/ -->\n<title>Ehtekomplekt, ookeani jaspis, h\u00f5be 925 - Hingelaegas<\/title>\n<meta name=\"description\" content=\"Ookeani jaspis aitab meil muuta end positiivsemaks ja iseendaga rahulolevamaks, lubades meil vabalt v\u00e4lja n\u00e4idata oma t\u00f5elist olemust.\" \/>\n<meta name=\"robots\" content=\"index, follow, max-snippet:-1, max-image-preview:large, max-video-preview:-1\" \/>\n<link rel=\"canonical\" href=\"https:\/\/www.hingelaegas.ee\/en\/product\/ehtekomplekt-ookeani-jaspis\/\" \/>\n<meta property=\"og:locale\" content=\"en_GB\" \/>\n<meta property=\"og:type\" content=\"article\" \/>\n<meta property=\"og:title\" content=\"Ehtekomplekt, ookeani jaspis, h\u00f5be 925 - Hingelaegas\" \/>\n<meta property=\"og:description\" content=\"Ookeani jaspis aitab meil muuta end positiivsemaks ja iseendaga rahulolevamaks, lubades meil vabalt v\u00e4lja n\u00e4idata oma t\u00f5elist olemust.\" \/>\n<meta property=\"og:url\" content=\"https:\/\/www.hingelaegas.ee\/en\/product\/ehtekomplekt-ookeani-jaspis\/\" \/>\n<meta property=\"og:site_name\" content=\"Hingelaegas\" \/>\n<meta property=\"article:modified_time\" content=\"2023-01-13T09:50:42+00:00\" \/>\n<meta property=\"og:image\" content=\"https:\/\/i0.wp.com\/www.hingelaegas.ee\/wp-content\/uploads\/2020\/12\/IMG_5256.jpeg?fit=1024%2C768&ssl=1\" \/>\n\t<meta property=\"og:image:width\" content=\"1024\" \/>\n\t<meta property=\"og:image:height\" content=\"768\" \/>\n\t<meta property=\"og:image:type\" content=\"image\/jpeg\" \/>\n<meta name=\"twitter:card\" content=\"summary_large_image\" \/>\n<meta name=\"twitter:label1\" content=\"Estimated reading time\" \/>\n\t<meta name=\"twitter:data1\" content=\"1 minute\" \/>\n<script type=\"application\/ld+json\" class=\"yoast-schema-graph\">{\"@context\":\"https:\\\/\\\/schema.org\",\"@graph\":[{\"@type\":\"WebPage\",\"@id\":\"https:\\\/\\\/www.hingelaegas.ee\\\/product\\\/ehtekomplekt-ookeani-jaspis\\\/\",\"url\":\"https:\\\/\\\/www.hingelaegas.ee\\\/product\\\/ehtekomplekt-ookeani-jaspis\\\/\",\"name\":\"Ehtekomplekt, ookeani jaspis, h\u00f5be 925 - Hingelaegas\",\"isPartOf\":{\"@id\":\"https:\\\/\\\/www.hingelaegas.ee\\\/en\\\/#website\"},\"primaryImageOfPage\":{\"@id\":\"https:\\\/\\\/www.hingelaegas.ee\\\/product\\\/ehtekomplekt-ookeani-jaspis\\\/#primaryimage\"},\"image\":{\"@id\":\"https:\\\/\\\/www.hingelaegas.ee\\\/product\\\/ehtekomplekt-ookeani-jaspis\\\/#primaryimage\"},\"thumbnailUrl\":\"https:\\\/\\\/i0.wp.com\\\/hingelaegas.ee\\\/wp-content\\\/uploads\\\/2020\\\/12\\\/IMG_5256.jpeg?fit=1024%2C768&ssl=1\",\"datePublished\":\"2020-12-03T18:01:43+00:00\",\"dateModified\":\"2023-01-13T09:50:42+00:00\",\"description\":\"Ookeani jaspis aitab meil muuta end positiivsemaks ja iseendaga rahulolevamaks, lubades meil vabalt v\u00e4lja n\u00e4idata oma t\u00f5elist olemust.\",\"breadcrumb\":{\"@id\":\"https:\\\/\\\/www.hingelaegas.ee\\\/product\\\/ehtekomplekt-ookeani-jaspis\\\/#breadcrumb\"},\"inLanguage\":\"en-GB\",\"potentialAction\":[{\"@type\":\"ReadAction\",\"target\":[\"https:\\\/\\\/www.hingelaegas.ee\\\/product\\\/ehtekomplekt-ookeani-jaspis\\\/\"]}]},{\"@type\":\"ImageObject\",\"inLanguage\":\"en-GB\",\"@id\":\"https:\\\/\\\/www.hingelaegas.ee\\\/product\\\/ehtekomplekt-ookeani-jaspis\\\/#primaryimage\",\"url\":\"https:\\\/\\\/i0.wp.com\\\/hingelaegas.ee\\\/wp-content\\\/uploads\\\/2020\\\/12\\\/IMG_5256.jpeg?fit=1024%2C768&ssl=1\",\"contentUrl\":\"https:\\\/\\\/i0.wp.com\\\/hingelaegas.ee\\\/wp-content\\\/uploads\\\/2020\\\/12\\\/IMG_5256.jpeg?fit=1024%2C768&ssl=1\",\"width\":1024,\"height\":768},{\"@type\":\"BreadcrumbList\",\"@id\":\"https:\\\/\\\/www.hingelaegas.ee\\\/product\\\/ehtekomplekt-ookeani-jaspis\\\/#breadcrumb\",\"itemListElement\":[{\"@type\":\"ListItem\",\"position\":1,\"name\":\"Home\",\"item\":\"https:\\\/\\\/www.hingelaegas.ee\\\/en\\\/\"},{\"@type\":\"ListItem\",\"position\":2,\"name\":\"E-POOD\",\"item\":\"https:\\\/\\\/www.hingelaegas.ee\\\/en\\\/e-pood\\\/\"},{\"@type\":\"ListItem\",\"position\":3,\"name\":\"Ehtekomplekt, ookeani jaspis, h\u00f5be 925\"}]},{\"@type\":\"WebSite\",\"@id\":\"https:\\\/\\\/www.hingelaegas.ee\\\/en\\\/#website\",\"url\":\"https:\\\/\\\/www.hingelaegas.ee\\\/en\\\/\",\"name\":\"Hingelaegas\",\"description\":\"Hingele. Kehale. Vaimule.\",\"publisher\":{\"@id\":\"https:\\\/\\\/www.hingelaegas.ee\\\/en\\\/#organization\"},\"potentialAction\":[{\"@type\":\"SearchAction\",\"target\":{\"@type\":\"EntryPoint\",\"urlTemplate\":\"https:\\\/\\\/www.hingelaegas.ee\\\/en\\\/?s={search_term_string}\"},\"query-input\":{\"@type\":\"PropertyValueSpecification\",\"valueRequired\":true,\"valueName\":\"search_term_string\"}}],\"inLanguage\":\"en-GB\"},{\"@type\":\"Organization\",\"@id\":\"https:\\\/\\\/www.hingelaegas.ee\\\/en\\\/#organization\",\"name\":\"Hingelaegas O\u00dc\",\"url\":\"https:\\\/\\\/www.hingelaegas.ee\\\/en\\\/\",\"logo\":{\"@type\":\"ImageObject\",\"inLanguage\":\"en-GB\",\"@id\":\"https:\\\/\\\/www.hingelaegas.ee\\\/en\\\/#\\\/schema\\\/logo\\\/image\\\/\",\"url\":\"https:\\\/\\\/hingelaegas.ee\\\/wp-content\\\/uploads\\\/2020\\\/12\\\/hingelaegas_vaike.png\",\"contentUrl\":\"https:\\\/\\\/hingelaegas.ee\\\/wp-content\\\/uploads\\\/2020\\\/12\\\/hingelaegas_vaike.png\",\"width\":700,\"height\":700,\"caption\":\"Hingelaegas O\u00dc\"},\"image\":{\"@id\":\"https:\\\/\\\/www.hingelaegas.ee\\\/en\\\/#\\\/schema\\\/logo\\\/image\\\/\"}}]}<\/script>\n<!-- \/ Yoast SEO plugin. -->","yoast_head_json":{"title":"Ehtekomplekt, ookeani jaspis, h\u00f5be 925 - Hingelaegas","description":"Ookeani jaspis aitab meil muuta end positiivsemaks ja iseendaga rahulolevamaks, lubades meil vabalt v\u00e4lja n\u00e4idata oma t\u00f5elist olemust.","robots":{"index":"index","follow":"follow","max-snippet":"max-snippet:-1","max-image-preview":"max-image-preview:large","max-video-preview":"max-video-preview:-1"},"canonical":"https:\/\/www.hingelaegas.ee\/en\/product\/ehtekomplekt-ookeani-jaspis\/","og_locale":"en_GB","og_type":"article","og_title":"Ehtekomplekt, ookeani jaspis, h\u00f5be 925 - Hingelaegas","og_description":"Ookeani jaspis aitab meil muuta end positiivsemaks ja iseendaga rahulolevamaks, lubades meil vabalt v\u00e4lja n\u00e4idata oma t\u00f5elist olemust.","og_url":"https:\/\/www.hingelaegas.ee\/en\/product\/ehtekomplekt-ookeani-jaspis\/","og_site_name":"Hingelaegas","article_modified_time":"2023-01-13T09:50:42+00:00","og_image":[{"width":1024,"height":768,"url":"https:\/\/i0.wp.com\/www.hingelaegas.ee\/wp-content\/uploads\/2020\/12\/IMG_5256.jpeg?fit=1024%2C768&ssl=1","type":"image\/jpeg"}],"twitter_card":"summary_large_image","twitter_misc":{"Estimated reading time":"1 minute"},"schema":{"@context":"https:\/\/schema.org","@graph":[{"@type":"WebPage","@id":"https:\/\/www.hingelaegas.ee\/product\/ehtekomplekt-ookeani-jaspis\/","url":"https:\/\/www.hingelaegas.ee\/product\/ehtekomplekt-ookeani-jaspis\/","name":"Ehtekomplekt, ookeani jaspis, h\u00f5be 925 - Hingelaegas","isPartOf":{"@id":"https:\/\/www.hingelaegas.ee\/en\/#website"},"primaryImageOfPage":{"@id":"https:\/\/www.hingelaegas.ee\/product\/ehtekomplekt-ookeani-jaspis\/#primaryimage"},"image":{"@id":"https:\/\/www.hingelaegas.ee\/product\/ehtekomplekt-ookeani-jaspis\/#primaryimage"},"thumbnailUrl":"https:\/\/i0.wp.com\/hingelaegas.ee\/wp-content\/uploads\/2020\/12\/IMG_5256.jpeg?fit=1024%2C768&ssl=1","datePublished":"2020-12-03T18:01:43+00:00","dateModified":"2023-01-13T09:50:42+00:00","description":"Ookeani jaspis aitab meil muuta end positiivsemaks ja iseendaga rahulolevamaks, lubades meil vabalt v\u00e4lja n\u00e4idata oma t\u00f5elist olemust.","breadcrumb":{"@id":"https:\/\/www.hingelaegas.ee\/product\/ehtekomplekt-ookeani-jaspis\/#breadcrumb"},"inLanguage":"en-GB","potentialAction":[{"@type":"ReadAction","target":["https:\/\/www.hingelaegas.ee\/product\/ehtekomplekt-ookeani-jaspis\/"]}]},{"@type":"ImageObject","inLanguage":"en-GB","@id":"https:\/\/www.hingelaegas.ee\/product\/ehtekomplekt-ookeani-jaspis\/#primaryimage","url":"https:\/\/i0.wp.com\/hingelaegas.ee\/wp-content\/uploads\/2020\/12\/IMG_5256.jpeg?fit=1024%2C768&ssl=1","contentUrl":"https:\/\/i0.wp.com\/hingelaegas.ee\/wp-content\/uploads\/2020\/12\/IMG_5256.jpeg?fit=1024%2C768&ssl=1","width":1024,"height":768},{"@type":"BreadcrumbList","@id":"https:\/\/www.hingelaegas.ee\/product\/ehtekomplekt-ookeani-jaspis\/#breadcrumb","itemListElement":[{"@type":"ListItem","position":1,"name":"Home","item":"https:\/\/www.hingelaegas.ee\/en\/"},{"@type":"ListItem","position":2,"name":"E-POOD","item":"https:\/\/www.hingelaegas.ee\/en\/e-pood\/"},{"@type":"ListItem","position":3,"name":"Ehtekomplekt, ookeani jaspis, h\u00f5be 925"}]},{"@type":"WebSite","@id":"https:\/\/www.hingelaegas.ee\/en\/#website","url":"https:\/\/www.hingelaegas.ee\/en\/","name":"Hingelaegas","description":"For Soul. For Body. For Mind.","publisher":{"@id":"https:\/\/www.hingelaegas.ee\/en\/#organization"},"potentialAction":[{"@type":"SearchAction","target":{"@type":"EntryPoint","urlTemplate":"https:\/\/www.hingelaegas.ee\/en\/?s={search_term_string}"},"query-input":{"@type":"PropertyValueSpecification","valueRequired":true,"valueName":"search_term_string"}}],"inLanguage":"en-GB"},{"@type":"Organization","@id":"https:\/\/www.hingelaegas.ee\/en\/#organization","name":"Hingelaegas O\u00dc","url":"https:\/\/www.hingelaegas.ee\/en\/","logo":{"@type":"ImageObject","inLanguage":"en-GB","@id":"https:\/\/www.hingelaegas.ee\/en\/#\/schema\/logo\/image\/","url":"https:\/\/hingelaegas.ee\/wp-content\/uploads\/2020\/12\/hingelaegas_vaike.png","contentUrl":"https:\/\/hingelaegas.ee\/wp-content\/uploads\/2020\/12\/hingelaegas_vaike.png","width":700,"height":700,"caption":"Hingelaegas O\u00dc"},"image":{"@id":"https:\/\/www.hingelaegas.ee\/en\/#\/schema\/logo\/image\/"}}]}},"acf":[],"jetpack_likes_enabled":false,"jetpack_sharing_enabled":true,"_links":{"self":[{"href":"https:\/\/www.hingelaegas.ee\/en\/wp-json\/wp\/v2\/product\/1981","targetHints":{"allow":["GET"]}}],"collection":[{"href":"https:\/\/www.hingelaegas.ee\/en\/wp-json\/wp\/v2\/product"}],"about":[{"href":"https:\/\/www.hingelaegas.ee\/en\/wp-json\/wp\/v2\/types\/product"}],"replies":[{"embeddable":true,"href":"https:\/\/www.hingelaegas.ee\/en\/wp-json\/wp\/v2\/comments?post=1981"}],"wp:featuredmedia":[{"embeddable":true,"href":"https:\/\/www.hingelaegas.ee\/en\/wp-json\/wp\/v2\/media\/1954"}],"wp:attachment":[{"href":"https:\/\/www.hingelaegas.ee\/en\/wp-json\/wp\/v2\/media?parent=1981"}],"wp:term":[{"taxonomy":"product_brand","embeddable":true,"href":"https:\/\/www.hingelaegas.ee\/en\/wp-json\/wp\/v2\/product_brand?post=1981"},{"taxonomy":"product_cat","embeddable":true,"href":"https:\/\/www.hingelaegas.ee\/en\/wp-json\/wp\/v2\/product_cat?post=1981"},{"taxonomy":"product_tag","embeddable":true,"href":"https:\/\/www.hingelaegas.ee\/en\/wp-json\/wp\/v2\/product_tag?post=1981"}],"curies":[{"name":"wp","href":"https:\/\/api.w.org\/{rel}","templated":true}]}}