{"id":1295,"date":"2020-11-02T12:33:04","date_gmt":"2020-11-02T10:33:04","guid":{"rendered":"https:\/\/hingelaegas.ee\/?post_type=product&#038;p=1295"},"modified":"2025-07-02T19:59:17","modified_gmt":"2025-07-02T17:59:17","slug":"viirukialus-antiikne-buddha","status":"publish","type":"product","link":"https:\/\/www.hingelaegas.ee\/en\/product\/viirukialus-antiikne-buddha\/","title":{"rendered":"Incense burner - Antique Buddha"},"content":{"rendered":"<h4>Symbolism - <em>Vitarka Mudra<\/em><\/h4>\n<h5><strong>What does it mean - <em>vitarka mudra<\/em>?<\/strong><\/h5>\n<p><em>Mudra<\/em> derives from the Sanskrit language and literally means a sign or seal. If you practice yoga, you may be familiar to it. Or have you noticed that different Buddha statues always have slightly different hand positions?<\/p>\n<p>In yoga and Hindu and Buddhist philosophy the word <em>mudra\u00a0<\/em>is used when taking certain positions with your fingers, hands, head, or even your whole body. There has been a belief that certain positions create and carry energies and release chakras. <em>Mudra<\/em>s can evoke the necessary states of mind and influence oneself on an emotional level, on a physical level through healing, and on a spiritual level through increasing energy supplies.<\/p>\n<p><em><img data-recalc-dims=\"1\" fetchpriority=\"high\" decoding=\"async\" class=\"size-medium wp-image-1297 alignright\" src=\"https:\/\/i0.wp.com\/hingelaegas.ee\/wp-content\/uploads\/2020\/11\/vitarka-mudra-300x300.png?resize=300%2C300&#038;ssl=1\" alt=\"\" width=\"300\" height=\"300\" srcset=\"https:\/\/i0.wp.com\/www.hingelaegas.ee\/wp-content\/uploads\/2020\/11\/vitarka-mudra.png?resize=300%2C300&amp;ssl=1 300w, https:\/\/i0.wp.com\/www.hingelaegas.ee\/wp-content\/uploads\/2020\/11\/vitarka-mudra.png?resize=600%2C600&amp;ssl=1 600w, https:\/\/i0.wp.com\/www.hingelaegas.ee\/wp-content\/uploads\/2020\/11\/vitarka-mudra.png?resize=100%2C100&amp;ssl=1 100w, https:\/\/i0.wp.com\/www.hingelaegas.ee\/wp-content\/uploads\/2020\/11\/vitarka-mudra.png?resize=150%2C150&amp;ssl=1 150w, https:\/\/i0.wp.com\/www.hingelaegas.ee\/wp-content\/uploads\/2020\/11\/vitarka-mudra.png?resize=768%2C768&amp;ssl=1 768w, https:\/\/i0.wp.com\/www.hingelaegas.ee\/wp-content\/uploads\/2020\/11\/vitarka-mudra.png?resize=75%2C75&amp;ssl=1 75w, https:\/\/i0.wp.com\/www.hingelaegas.ee\/wp-content\/uploads\/2020\/11\/vitarka-mudra.png?w=800&amp;ssl=1 800w\" sizes=\"(max-width: 300px) 100vw, 300px\" \/>Vitarka <\/em>means in Sanskrit discussion and consideration, and <em>mudra<\/em>, as I already mentioned, a sign or stamp. <em>Vitarka mudra<\/em>is used in Buddhism. To do this, form a circle with your fingers, putting your index finger and thumb together. This <em>mudra<\/em>is most associated with the Buddha, as it implies the wisdom of the Buddha. It is most often used when conveying Buddha's teachings and is called the teaching or reasoning <em>mudra<\/em>.<\/p>\n<p>Buddhist symbols, images and figures are widely used <strong><em>feng shui<\/em><\/strong>. The Buddha represents the potential for true happiness and goodness that is inherent in every human being and all sensitive beings.<\/p>\n<h5><strong>Where to place a statue with such symbolism?<\/strong><\/h5>\n<p>This <em>mudra<\/em> helps accept teachings for self-development and spiritual awakening. Suitable to place in rooms with a lot of books or even a separate library, in rooms where you are studying or in a home office, or where there is an area of \u200b\u200bknowledge at home. <em>Feng shui<\/em> refers that the area related to self-development and knowledge remains to the left when entering the main door.<\/p>\n<p>&nbsp;<\/p>\n<h4>Use instructions<\/h4>\n<p>Ignite the tip covered with incense, and if the incense tip glows, carefully blow out the flame.<\/p>\n<p>Place <a href=\"https:\/\/hingelaegas.ee\/product-category\/viirukid\/viirukipirrud\/\">the incense stick<\/a> or <a href=\"https:\/\/hingelaegas.ee\/product-category\/viirukid\/viirukikoonused\/\">the incense cone<\/a> in a suitable place on the incense burner. You can also use the incense cone holder as a small candle holder.<\/p>\n<p>&nbsp;<\/p>\n<p><em><strong>Caution!<\/strong><\/em><\/p>\n<ul>\n<li>Burn only in an open or well-ventilated area.<\/li>\n<li>Avoid direct inhalation of incense smoke.<\/li>\n<li>Use only to scent the room. Do not put incense in your mouth.<\/li>\n<li>The incense must not be left unattended. Make sure that the smoking incense is not close to flammable materials and check that the ash can fall on a suitable (non-flammable) base.<\/li>\n<li>Keep out of reach of children and pets.<\/li>\n<\/ul>","protected":false},"excerpt":{"rendered":"<p>This beautifully decorated antique Buddha hand gesture <strong>Vitarka Mudra<\/strong> radiates a sense of peace and serenity. Suitable as a great gift for those who enjoy Buddhist symbols. It is believed that the hand of the Buddha can provide us with support and help when we need it.<\/p>\n<p>This extraordinary incense burner is versatile and practical, as it is suitable for burning both incense sticks and incense cones. The incense cone holder can also be used as a small candle holder. At the same time, it decorates the home as a rare detail of the interior design.<\/p>\n<p>&nbsp;<\/p>\n<p>Size: height 11 cm, width 7 cm, length 25 cm<\/p>\n<div class=\"product_properties\">\n<div class=\"product_properties\"><\/div>\n<\/div>","protected":false},"featured_media":1296,"comment_status":"open","ping_status":"closed","template":"","meta":{"_monsterinsights_skip_tracking":false,"_monsterinsights_sitenote_active":false,"_monsterinsights_sitenote_note":"","_monsterinsights_sitenote_category":0},"product_brand":[],"product_cat":[100],"product_tag":[178,166,171],"class_list":{"0":"post-1295","1":"product","2":"type-product","3":"status-publish","4":"has-post-thumbnail","6":"product_cat-viirukialused","7":"product_tag-viirukialused","8":"product_tag-viirukid","9":"product_tag-viirukikoonused","11":"first","12":"instock","13":"taxable","14":"shipping-taxable","15":"purchasable","16":"product-type-simple"},"yoast_head":"<!-- This site is optimized with the Yoast SEO plugin v27.5 - https:\/\/yoast.com\/product\/yoast-seo-wordpress\/ -->\n<title>Viirukialus - Antiikne Buddha - Hingelaegas<\/title>\n<meta name=\"robots\" content=\"index, follow, max-snippet:-1, max-image-preview:large, max-video-preview:-1\" \/>\n<link rel=\"canonical\" href=\"https:\/\/hingelaegas.ee\/en\/product\/viirukialus-antiikne-buddha\/\" \/>\n<meta property=\"og:locale\" content=\"en_GB\" \/>\n<meta property=\"og:type\" content=\"article\" \/>\n<meta property=\"og:title\" content=\"Viirukialus - Antiikne Buddha - Hingelaegas\" \/>\n<meta property=\"og:description\" content=\"Kaunilt dekoreeritud antiikne Buddha k\u00e4easendiga Vitarka Mudra kiirgab rahu ja rahulikkuse tunnet. Sobib suurep\u00e4rase kingitusena neile, kes naudivad budistlikke s\u00fcmboleid. Usutakse, et Buddha k\u00e4si v\u00f5ib pakkuda meile vajalikel hetkedel tuge ja abi.  See kaunis viirukialus on mitmeotstarbeline ja praktiline, kuna sobib nii viirukite kui viirukikoonuste p\u00f5letamiseks. Viirukikoonuse hoidmise alust v\u00f5ib kasutada ka v\u00e4ikese k\u00fc\u00fcnla hoidjana. Samal ajal kaunistab aga kodu ka dekoratiivse sisustusdetailina.  &nbsp;  Suurus: k\u00f5rgus 11 cm, laius 7 cm, pikkus 25 cm\" \/>\n<meta property=\"og:url\" content=\"https:\/\/hingelaegas.ee\/en\/product\/viirukialus-antiikne-buddha\/\" \/>\n<meta property=\"og:site_name\" content=\"Hingelaegas\" \/>\n<meta property=\"article:modified_time\" content=\"2025-07-02T17:59:17+00:00\" \/>\n<meta property=\"og:image\" content=\"https:\/\/i0.wp.com\/www.hingelaegas.ee\/wp-content\/uploads\/2020\/11\/viirukialus_antique-buddha-hand-e1609241578484.jpeg?fit=1067%2C800&ssl=1\" \/>\n\t<meta property=\"og:image:width\" content=\"1067\" \/>\n\t<meta property=\"og:image:height\" content=\"800\" \/>\n\t<meta property=\"og:image:type\" content=\"image\/jpeg\" \/>\n<meta name=\"twitter:card\" content=\"summary_large_image\" \/>\n<meta name=\"twitter:label1\" content=\"Estimated reading time\" \/>\n\t<meta name=\"twitter:data1\" content=\"2 minutes\" \/>\n<script type=\"application\/ld+json\" class=\"yoast-schema-graph\">{\"@context\":\"https:\\\/\\\/schema.org\",\"@graph\":[{\"@type\":\"WebPage\",\"@id\":\"https:\\\/\\\/hingelaegas.ee\\\/en\\\/product\\\/viirukialus-antiikne-buddha\\\/\",\"url\":\"https:\\\/\\\/hingelaegas.ee\\\/en\\\/product\\\/viirukialus-antiikne-buddha\\\/\",\"name\":\"Viirukialus - Antiikne Buddha - Hingelaegas\",\"isPartOf\":{\"@id\":\"https:\\\/\\\/www.hingelaegas.ee\\\/en\\\/#website\"},\"primaryImageOfPage\":{\"@id\":\"https:\\\/\\\/hingelaegas.ee\\\/en\\\/product\\\/viirukialus-antiikne-buddha\\\/#primaryimage\"},\"image\":{\"@id\":\"https:\\\/\\\/hingelaegas.ee\\\/en\\\/product\\\/viirukialus-antiikne-buddha\\\/#primaryimage\"},\"thumbnailUrl\":\"https:\\\/\\\/i0.wp.com\\\/www.hingelaegas.ee\\\/wp-content\\\/uploads\\\/2020\\\/11\\\/viirukialus_antique-buddha-hand-e1609241578484.jpeg?fit=1067%2C800&ssl=1\",\"datePublished\":\"2020-11-02T10:33:04+00:00\",\"dateModified\":\"2025-07-02T17:59:17+00:00\",\"breadcrumb\":{\"@id\":\"https:\\\/\\\/hingelaegas.ee\\\/en\\\/product\\\/viirukialus-antiikne-buddha\\\/#breadcrumb\"},\"inLanguage\":\"en-GB\",\"potentialAction\":[{\"@type\":\"ReadAction\",\"target\":[\"https:\\\/\\\/hingelaegas.ee\\\/en\\\/product\\\/viirukialus-antiikne-buddha\\\/\"]}]},{\"@type\":\"ImageObject\",\"inLanguage\":\"en-GB\",\"@id\":\"https:\\\/\\\/hingelaegas.ee\\\/en\\\/product\\\/viirukialus-antiikne-buddha\\\/#primaryimage\",\"url\":\"https:\\\/\\\/i0.wp.com\\\/www.hingelaegas.ee\\\/wp-content\\\/uploads\\\/2020\\\/11\\\/viirukialus_antique-buddha-hand-e1609241578484.jpeg?fit=1067%2C800&ssl=1\",\"contentUrl\":\"https:\\\/\\\/i0.wp.com\\\/www.hingelaegas.ee\\\/wp-content\\\/uploads\\\/2020\\\/11\\\/viirukialus_antique-buddha-hand-e1609241578484.jpeg?fit=1067%2C800&ssl=1\",\"width\":1067,\"height\":800},{\"@type\":\"BreadcrumbList\",\"@id\":\"https:\\\/\\\/hingelaegas.ee\\\/en\\\/product\\\/viirukialus-antiikne-buddha\\\/#breadcrumb\",\"itemListElement\":[{\"@type\":\"ListItem\",\"position\":1,\"name\":\"Home\",\"item\":\"https:\\\/\\\/www.hingelaegas.ee\\\/en\\\/\"},{\"@type\":\"ListItem\",\"position\":2,\"name\":\"E-POOD\",\"item\":\"https:\\\/\\\/www.hingelaegas.ee\\\/en\\\/e-pood\\\/\"},{\"@type\":\"ListItem\",\"position\":3,\"name\":\"Viirukialus &#8211; Antiikne Buddha\"}]},{\"@type\":\"WebSite\",\"@id\":\"https:\\\/\\\/www.hingelaegas.ee\\\/en\\\/#website\",\"url\":\"https:\\\/\\\/www.hingelaegas.ee\\\/en\\\/\",\"name\":\"Hingelaegas\",\"description\":\"Hingele. Kehale. Vaimule.\",\"publisher\":{\"@id\":\"https:\\\/\\\/www.hingelaegas.ee\\\/en\\\/#organization\"},\"potentialAction\":[{\"@type\":\"SearchAction\",\"target\":{\"@type\":\"EntryPoint\",\"urlTemplate\":\"https:\\\/\\\/www.hingelaegas.ee\\\/en\\\/?s={search_term_string}\"},\"query-input\":{\"@type\":\"PropertyValueSpecification\",\"valueRequired\":true,\"valueName\":\"search_term_string\"}}],\"inLanguage\":\"en-GB\"},{\"@type\":\"Organization\",\"@id\":\"https:\\\/\\\/www.hingelaegas.ee\\\/en\\\/#organization\",\"name\":\"Hingelaegas O\u00dc\",\"url\":\"https:\\\/\\\/www.hingelaegas.ee\\\/en\\\/\",\"logo\":{\"@type\":\"ImageObject\",\"inLanguage\":\"en-GB\",\"@id\":\"https:\\\/\\\/www.hingelaegas.ee\\\/en\\\/#\\\/schema\\\/logo\\\/image\\\/\",\"url\":\"https:\\\/\\\/hingelaegas.ee\\\/wp-content\\\/uploads\\\/2020\\\/12\\\/hingelaegas_vaike.png\",\"contentUrl\":\"https:\\\/\\\/hingelaegas.ee\\\/wp-content\\\/uploads\\\/2020\\\/12\\\/hingelaegas_vaike.png\",\"width\":700,\"height\":700,\"caption\":\"Hingelaegas O\u00dc\"},\"image\":{\"@id\":\"https:\\\/\\\/www.hingelaegas.ee\\\/en\\\/#\\\/schema\\\/logo\\\/image\\\/\"}}]}<\/script>\n<!-- \/ Yoast SEO plugin. -->","yoast_head_json":{"title":"Viirukialus - Antiikne Buddha - Hingelaegas","robots":{"index":"index","follow":"follow","max-snippet":"max-snippet:-1","max-image-preview":"max-image-preview:large","max-video-preview":"max-video-preview:-1"},"canonical":"https:\/\/hingelaegas.ee\/en\/product\/viirukialus-antiikne-buddha\/","og_locale":"en_GB","og_type":"article","og_title":"Viirukialus - Antiikne Buddha - Hingelaegas","og_description":"Kaunilt dekoreeritud antiikne Buddha k\u00e4easendiga Vitarka Mudra kiirgab rahu ja rahulikkuse tunnet. Sobib suurep\u00e4rase kingitusena neile, kes naudivad budistlikke s\u00fcmboleid. Usutakse, et Buddha k\u00e4si v\u00f5ib pakkuda meile vajalikel hetkedel tuge ja abi.  See kaunis viirukialus on mitmeotstarbeline ja praktiline, kuna sobib nii viirukite kui viirukikoonuste p\u00f5letamiseks. Viirukikoonuse hoidmise alust v\u00f5ib kasutada ka v\u00e4ikese k\u00fc\u00fcnla hoidjana. Samal ajal kaunistab aga kodu ka dekoratiivse sisustusdetailina.  &nbsp;  Suurus: k\u00f5rgus 11 cm, laius 7 cm, pikkus 25 cm","og_url":"https:\/\/hingelaegas.ee\/en\/product\/viirukialus-antiikne-buddha\/","og_site_name":"Hingelaegas","article_modified_time":"2025-07-02T17:59:17+00:00","og_image":[{"width":1067,"height":800,"url":"https:\/\/i0.wp.com\/www.hingelaegas.ee\/wp-content\/uploads\/2020\/11\/viirukialus_antique-buddha-hand-e1609241578484.jpeg?fit=1067%2C800&ssl=1","type":"image\/jpeg"}],"twitter_card":"summary_large_image","twitter_misc":{"Estimated reading time":"2 minutes"},"schema":{"@context":"https:\/\/schema.org","@graph":[{"@type":"WebPage","@id":"https:\/\/hingelaegas.ee\/en\/product\/viirukialus-antiikne-buddha\/","url":"https:\/\/hingelaegas.ee\/en\/product\/viirukialus-antiikne-buddha\/","name":"Viirukialus - Antiikne Buddha - Hingelaegas","isPartOf":{"@id":"https:\/\/www.hingelaegas.ee\/en\/#website"},"primaryImageOfPage":{"@id":"https:\/\/hingelaegas.ee\/en\/product\/viirukialus-antiikne-buddha\/#primaryimage"},"image":{"@id":"https:\/\/hingelaegas.ee\/en\/product\/viirukialus-antiikne-buddha\/#primaryimage"},"thumbnailUrl":"https:\/\/i0.wp.com\/www.hingelaegas.ee\/wp-content\/uploads\/2020\/11\/viirukialus_antique-buddha-hand-e1609241578484.jpeg?fit=1067%2C800&ssl=1","datePublished":"2020-11-02T10:33:04+00:00","dateModified":"2025-07-02T17:59:17+00:00","breadcrumb":{"@id":"https:\/\/hingelaegas.ee\/en\/product\/viirukialus-antiikne-buddha\/#breadcrumb"},"inLanguage":"en-GB","potentialAction":[{"@type":"ReadAction","target":["https:\/\/hingelaegas.ee\/en\/product\/viirukialus-antiikne-buddha\/"]}]},{"@type":"ImageObject","inLanguage":"en-GB","@id":"https:\/\/hingelaegas.ee\/en\/product\/viirukialus-antiikne-buddha\/#primaryimage","url":"https:\/\/i0.wp.com\/www.hingelaegas.ee\/wp-content\/uploads\/2020\/11\/viirukialus_antique-buddha-hand-e1609241578484.jpeg?fit=1067%2C800&ssl=1","contentUrl":"https:\/\/i0.wp.com\/www.hingelaegas.ee\/wp-content\/uploads\/2020\/11\/viirukialus_antique-buddha-hand-e1609241578484.jpeg?fit=1067%2C800&ssl=1","width":1067,"height":800},{"@type":"BreadcrumbList","@id":"https:\/\/hingelaegas.ee\/en\/product\/viirukialus-antiikne-buddha\/#breadcrumb","itemListElement":[{"@type":"ListItem","position":1,"name":"Home","item":"https:\/\/www.hingelaegas.ee\/en\/"},{"@type":"ListItem","position":2,"name":"E-POOD","item":"https:\/\/www.hingelaegas.ee\/en\/e-pood\/"},{"@type":"ListItem","position":3,"name":"Viirukialus &#8211; Antiikne Buddha"}]},{"@type":"WebSite","@id":"https:\/\/www.hingelaegas.ee\/en\/#website","url":"https:\/\/www.hingelaegas.ee\/en\/","name":"Hingelaegas","description":"For Soul. For Body. For Mind.","publisher":{"@id":"https:\/\/www.hingelaegas.ee\/en\/#organization"},"potentialAction":[{"@type":"SearchAction","target":{"@type":"EntryPoint","urlTemplate":"https:\/\/www.hingelaegas.ee\/en\/?s={search_term_string}"},"query-input":{"@type":"PropertyValueSpecification","valueRequired":true,"valueName":"search_term_string"}}],"inLanguage":"en-GB"},{"@type":"Organization","@id":"https:\/\/www.hingelaegas.ee\/en\/#organization","name":"Hingelaegas O\u00dc","url":"https:\/\/www.hingelaegas.ee\/en\/","logo":{"@type":"ImageObject","inLanguage":"en-GB","@id":"https:\/\/www.hingelaegas.ee\/en\/#\/schema\/logo\/image\/","url":"https:\/\/hingelaegas.ee\/wp-content\/uploads\/2020\/12\/hingelaegas_vaike.png","contentUrl":"https:\/\/hingelaegas.ee\/wp-content\/uploads\/2020\/12\/hingelaegas_vaike.png","width":700,"height":700,"caption":"Hingelaegas O\u00dc"},"image":{"@id":"https:\/\/www.hingelaegas.ee\/en\/#\/schema\/logo\/image\/"}}]}},"acf":[],"jetpack_likes_enabled":false,"jetpack_sharing_enabled":true,"_links":{"self":[{"href":"https:\/\/www.hingelaegas.ee\/en\/wp-json\/wp\/v2\/product\/1295","targetHints":{"allow":["GET"]}}],"collection":[{"href":"https:\/\/www.hingelaegas.ee\/en\/wp-json\/wp\/v2\/product"}],"about":[{"href":"https:\/\/www.hingelaegas.ee\/en\/wp-json\/wp\/v2\/types\/product"}],"replies":[{"embeddable":true,"href":"https:\/\/www.hingelaegas.ee\/en\/wp-json\/wp\/v2\/comments?post=1295"}],"wp:featuredmedia":[{"embeddable":true,"href":"https:\/\/www.hingelaegas.ee\/en\/wp-json\/wp\/v2\/media\/1296"}],"wp:attachment":[{"href":"https:\/\/www.hingelaegas.ee\/en\/wp-json\/wp\/v2\/media?parent=1295"}],"wp:term":[{"taxonomy":"product_brand","embeddable":true,"href":"https:\/\/www.hingelaegas.ee\/en\/wp-json\/wp\/v2\/product_brand?post=1295"},{"taxonomy":"product_cat","embeddable":true,"href":"https:\/\/www.hingelaegas.ee\/en\/wp-json\/wp\/v2\/product_cat?post=1295"},{"taxonomy":"product_tag","embeddable":true,"href":"https:\/\/www.hingelaegas.ee\/en\/wp-json\/wp\/v2\/product_tag?post=1295"}],"curies":[{"name":"wp","href":"https:\/\/api.w.org\/{rel}","templated":true}]}}